{"id":74,"date":"2019-11-21T10:54:17","date_gmt":"2019-11-21T09:54:17","guid":{"rendered":"http:\/\/yankeles.de\/?page_id=74"},"modified":"2019-11-21T10:54:17","modified_gmt":"2019-11-21T09:54:17","slug":"impressum","status":"publish","type":"page","link":"http:\/\/yankeles.de\/?page_id=74","title":{"rendered":"Impressum"},"content":{"rendered":"\n<p>Angaben gem\u00e4\u00df \u00a7 5 TMG<\/p>\n\n\n\n<p>Yankeles<br>  Dreisamstra\u00dfe 23<br>  79098 Freiburg <br>  <\/p>\n\n\n\n<p> <strong>Vertreten durch: <\/strong><br>\nPhilipp Kurzke<br>\n<\/p>\n\n\n\n<p><strong>Verantwortlich f\u00fcr den Inhalt nach \u00a7 55 Abs. 2 RStV:<\/strong><br>\nPhilipp Kurzke <br> \nDreisamstra\u00dfe 23<br> \n79098 Freiburg <br><\/p>\n\n\n\n<p><strong>Haftungsausschluss: <\/strong><br><br><strong>Haftung f\u00fcr Inhalte<\/strong><br><br> Die Inhalte unserer Seiten wurden mit gr\u00f6\u00dfter Sorgfalt erstellt. F\u00fcr die  Richtigkeit, Vollst\u00e4ndigkeit und Aktualit\u00e4t der Inhalte k\u00f6nnen wir  jedoch keine Gew\u00e4hr \u00fcbernehmen. Als Diensteanbieter sind wir gem\u00e4\u00df \u00a7 7  Abs.1 TMG f\u00fcr eigene Inhalte auf diesen Seiten nach den allgemeinen  Gesetzen verantwortlich. Nach \u00a7\u00a7 8 bis 10 TMG sind wir als  Diensteanbieter jedoch nicht verpflichtet, \u00fcbermittelte oder  gespeicherte fremde Informationen zu \u00fcberwachen oder nach Umst\u00e4nden zu  forschen, die auf eine rechtswidrige T\u00e4tigkeit hinweisen.  Verpflichtungen zur Entfernung oder Sperrung der Nutzung von  Informationen nach den allgemeinen Gesetzen bleiben hiervon unber\u00fchrt.  Eine diesbez\u00fcgliche Haftung ist jedoch erst ab dem Zeitpunkt der  Kenntnis einer konkreten Rechtsverletzung m\u00f6glich. Bei Bekanntwerden von  entsprechenden Rechtsverletzungen werden wir diese Inhalte umgehend  entfernen.<br><br><strong>Haftung f\u00fcr Links<\/strong><br><br> Unser Angebot enth\u00e4lt Links zu externen Webseiten Dritter, auf deren  Inhalte wir keinen Einfluss haben. Deshalb k\u00f6nnen wir f\u00fcr diese fremden  Inhalte auch keine Gew\u00e4hr \u00fcbernehmen. F\u00fcr die Inhalte der verlinkten  Seiten ist stets der jeweilige Anbieter oder Betreiber der Seiten  verantwortlich. Die verlinkten Seiten wurden zum Zeitpunkt der  Verlinkung auf m\u00f6gliche Rechtsverst\u00f6\u00dfe \u00fcberpr\u00fcft. Rechtswidrige Inhalte  waren zum Zeitpunkt der Verlinkung nicht erkennbar. Eine permanente  inhaltliche Kontrolle der verlinkten Seiten ist jedoch ohne konkrete  Anhaltspunkte einer Rechtsverletzung nicht zumutbar. Bei Bekanntwerden  von Rechtsverletzungen werden wir derartige Links umgehend entfernen.<br><br><strong>Urheberrecht<\/strong><br><br> Die durch die Seitenbetreiber erstellten Inhalte und Werke auf diesen  Seiten unterliegen dem deutschen Urheberrecht. Die Vervielf\u00e4ltigung,  Bearbeitung, Verbreitung und jede Art der Verwertung au\u00dferhalb der  Grenzen des Urheberrechtes bed\u00fcrfen der schriftlichen Zustimmung des  jeweiligen Autors bzw. Erstellers. Downloads und Kopien dieser Seite  sind nur f\u00fcr den privaten, nicht kommerziellen Gebrauch gestattet.  Soweit die Inhalte auf dieser Seite nicht vom Betreiber erstellt wurden,  werden die Urheberrechte Dritter beachtet. Insbesondere werden Inhalte  Dritter als solche gekennzeichnet. Sollten Sie trotzdem auf eine  Urheberrechtsverletzung aufmerksam werden, bitten wir um einen  entsprechenden Hinweis. Bei Bekanntwerden von Rechtsverletzungen werden  wir derartige Inhalte umgehend entfernen.<br><\/p>\n\n\n\n<p><br>  Website Impressum von <a href=\"https:\/\/www.impressum-generator.de\">impressum-generator.de<\/a><\/p>\n","protected":false},"excerpt":{"rendered":"<p>Angaben gem\u00e4\u00df \u00a7 5 TMG Yankeles Dreisamstra\u00dfe 23 79098 Freiburg Vertreten durch: Philipp Kurzke Verantwortlich f\u00fcr den Inhalt nach \u00a7 55 Abs. 2 RStV: Philipp Kurzke Dreisamstra\u00dfe 23 79098 Freiburg Haftungsausschluss: Haftung f\u00fcr Inhalte Die Inhalte unserer Seiten wurden mit gr\u00f6\u00dfter Sorgfalt erstellt. F\u00fcr die Richtigkeit, Vollst\u00e4ndigkeit und Aktualit\u00e4t der Inhalte k\u00f6nnen wir jedoch keine&#8230;<\/p>\n","protected":false},"author":1,"featured_media":0,"parent":0,"menu_order":0,"comment_status":"closed","ping_status":"closed","template":"","meta":{"footnotes":""},"_links":{"self":[{"href":"http:\/\/yankeles.de\/index.php?rest_route=\/wp\/v2\/pages\/74"}],"collection":[{"href":"http:\/\/yankeles.de\/index.php?rest_route=\/wp\/v2\/pages"}],"about":[{"href":"http:\/\/yankeles.de\/index.php?rest_route=\/wp\/v2\/types\/page"}],"author":[{"embeddable":true,"href":"http:\/\/yankeles.de\/index.php?rest_route=\/wp\/v2\/users\/1"}],"replies":[{"embeddable":true,"href":"http:\/\/yankeles.de\/index.php?rest_route=%2Fwp%2Fv2%2Fcomments&post=74"}],"version-history":[{"count":1,"href":"http:\/\/yankeles.de\/index.php?rest_route=\/wp\/v2\/pages\/74\/revisions"}],"predecessor-version":[{"id":75,"href":"http:\/\/yankeles.de\/index.php?rest_route=\/wp\/v2\/pages\/74\/revisions\/75"}],"wp:attachment":[{"href":"http:\/\/yankeles.de\/index.php?rest_route=%2Fwp%2Fv2%2Fmedia&parent=74"}],"curies":[{"name":"wp","href":"https:\/\/api.w.org\/{rel}","templated":true}]}}